{"id":1183,"date":"2025-07-07T17:13:35","date_gmt":"2025-07-07T17:13:35","guid":{"rendered":"https:\/\/die-linkstraeger.de\/?page_id=1183"},"modified":"2025-07-30T09:48:51","modified_gmt":"2025-07-30T09:48:51","slug":"sample-page-2-3-3-2","status":"publish","type":"page","link":"https:\/\/die-linkstraeger.de\/?page_id=1183","title":{"rendered":"Spendenaktion 2023"},"content":{"rendered":"\t\t<div data-elementor-type=\"wp-page\" data-elementor-id=\"1183\" class=\"elementor elementor-1183\" data-elementor-post-type=\"page\">\n\t\t\t\t\t\t<section class=\"elementor-section elementor-top-section elementor-element elementor-element-7da7449 elementor-section-stretched elementor-section-boxed elementor-section-height-default elementor-section-height-default\" data-id=\"7da7449\" data-element_type=\"section\" data-e-type=\"section\" data-settings=\"{&quot;stretch_section&quot;:&quot;section-stretched&quot;}\">\n\t\t\t\t\t\t<div class=\"elementor-container elementor-column-gap-default\">\n\t\t\t\t\t<div class=\"elementor-column elementor-col-33 elementor-top-column elementor-element elementor-element-cefc5d8\" data-id=\"cefc5d8\" data-element_type=\"column\" data-e-type=\"column\">\n\t\t\t<div class=\"elementor-widget-wrap\">\n\t\t\t\t\t\t\t<\/div>\n\t\t<\/div>\n\t\t\t\t<div class=\"elementor-column elementor-col-33 elementor-top-column elementor-element elementor-element-0d65d8c\" data-id=\"0d65d8c\" data-element_type=\"column\" data-e-type=\"column\">\n\t\t\t<div class=\"elementor-widget-wrap elementor-element-populated\">\n\t\t\t\t\t\t<div class=\"elementor-element elementor-element-4120388 elementor-widget elementor-widget-text-editor\" data-id=\"4120388\" data-element_type=\"widget\" data-e-type=\"widget\" data-widget_type=\"text-editor.default\">\n\t\t\t\t<div class=\"elementor-widget-container\">\n\t\t\t\t\t\t\t\t\t<h1 style=\"text-align: center;\"><strong><span style=\"color: #cc99ff;\">Die Linkstraeger spenden f\u00fcr den guten Zweck<\/span><\/strong><\/h1>\t\t\t\t\t\t\t\t<\/div>\n\t\t\t\t<\/div>\n\t\t\t\t\t<\/div>\n\t\t<\/div>\n\t\t\t\t<div class=\"elementor-column elementor-col-33 elementor-top-column elementor-element elementor-element-aeb2ef2\" data-id=\"aeb2ef2\" data-element_type=\"column\" data-e-type=\"column\">\n\t\t\t<div class=\"elementor-widget-wrap\">\n\t\t\t\t\t\t\t<\/div>\n\t\t<\/div>\n\t\t\t\t\t<\/div>\n\t\t<\/section>\n\t\t\t\t<section class=\"elementor-section elementor-top-section elementor-element elementor-element-a78ab3c elementor-section-stretched elementor-section-boxed elementor-section-height-default elementor-section-height-default\" data-id=\"a78ab3c\" data-element_type=\"section\" data-e-type=\"section\" data-settings=\"{&quot;stretch_section&quot;:&quot;section-stretched&quot;}\">\n\t\t\t\t\t\t<div class=\"elementor-container elementor-column-gap-default\">\n\t\t\t\t\t<div class=\"elementor-column elementor-col-33 elementor-top-column elementor-element elementor-element-faad9d8\" data-id=\"faad9d8\" data-element_type=\"column\" data-e-type=\"column\">\n\t\t\t<div class=\"elementor-widget-wrap elementor-element-populated\">\n\t\t\t\t\t\t<div class=\"elementor-element elementor-element-e49987e elementor-widget elementor-widget-text-editor\" data-id=\"e49987e\" data-element_type=\"widget\" data-e-type=\"widget\" data-widget_type=\"text-editor.default\">\n\t\t\t\t<div class=\"elementor-widget-container\">\n\t\t\t\t\t\t\t\t\t<h4 style=\"text-align: center;\"><span style=\"color: #00ff00;\"><strong>Ein Mikro f\u00fcr Karaoke<\/strong><\/span><\/h4>\t\t\t\t\t\t\t\t<\/div>\n\t\t\t\t<\/div>\n\t\t\t\t<div class=\"elementor-element elementor-element-e62b7c4 elementor-widget elementor-widget-image\" data-id=\"e62b7c4\" data-element_type=\"widget\" data-e-type=\"widget\" data-widget_type=\"image.default\">\n\t\t\t\t<div class=\"elementor-widget-container\">\n\t\t\t\t\t\t\t\t\t\t\t\t\t\t\t<img decoding=\"async\" width=\"153\" height=\"300\" src=\"https:\/\/die-linkstraeger.de\/wp-content\/uploads\/2025\/07\/Screenshot_20231208_161142_Instagram-153x300.jpg\" class=\"attachment-medium size-medium wp-image-1178\" alt=\"\" srcset=\"https:\/\/die-linkstraeger.de\/wp-content\/uploads\/2025\/07\/Screenshot_20231208_161142_Instagram-153x300.jpg 153w, https:\/\/die-linkstraeger.de\/wp-content\/uploads\/2025\/07\/Screenshot_20231208_161142_Instagram-521x1024.jpg 521w, https:\/\/die-linkstraeger.de\/wp-content\/uploads\/2025\/07\/Screenshot_20231208_161142_Instagram-768x1510.jpg 768w, https:\/\/die-linkstraeger.de\/wp-content\/uploads\/2025\/07\/Screenshot_20231208_161142_Instagram-781x1536.jpg 781w, https:\/\/die-linkstraeger.de\/wp-content\/uploads\/2025\/07\/Screenshot_20231208_161142_Instagram-1041x2048.jpg 1041w, https:\/\/die-linkstraeger.de\/wp-content\/uploads\/2025\/07\/Screenshot_20231208_161142_Instagram.jpg 1080w\" sizes=\"100vw\" \/>\t\t\t\t\t\t\t\t\t\t\t\t\t\t\t<\/div>\n\t\t\t\t<\/div>\n\t\t\t\t<div class=\"elementor-element elementor-element-df12755 elementor-widget elementor-widget-text-editor\" data-id=\"df12755\" data-element_type=\"widget\" data-e-type=\"widget\" data-widget_type=\"text-editor.default\">\n\t\t\t\t<div class=\"elementor-widget-container\">\n\t\t\t\t\t\t\t\t\t<h4 style=\"text-align: center;\"><span style=\"color: #ffff00; font-size: 1.625rem;\">&#8222;<a href=\"https:\/\/www.jugend-in-willich.de\/huelse\/was-geht-ab-in-der-huelse\/\">Die H\u00fclse<\/a>&#8222;<\/span><\/h4>\t\t\t\t\t\t\t\t<\/div>\n\t\t\t\t<\/div>\n\t\t\t\t\t<\/div>\n\t\t<\/div>\n\t\t\t\t<div class=\"elementor-column elementor-col-33 elementor-top-column elementor-element elementor-element-142afa8\" data-id=\"142afa8\" data-element_type=\"column\" data-e-type=\"column\">\n\t\t\t<div class=\"elementor-widget-wrap elementor-element-populated\">\n\t\t\t\t\t\t<div class=\"elementor-element elementor-element-d81896f elementor-widget elementor-widget-text-editor\" data-id=\"d81896f\" data-element_type=\"widget\" data-e-type=\"widget\" data-widget_type=\"text-editor.default\">\n\t\t\t\t<div class=\"elementor-widget-container\">\n\t\t\t\t\t\t\t\t\t<h4 style=\"text-align: center;\"><span style=\"color: #00ff00;\"><strong>Ein kleiner Zuschuss f\u00fcr eine Standheizung<\/strong><\/span><\/h4>\t\t\t\t\t\t\t\t<\/div>\n\t\t\t\t<\/div>\n\t\t\t\t<div class=\"elementor-element elementor-element-5b21132 elementor-widget elementor-widget-image\" data-id=\"5b21132\" data-element_type=\"widget\" data-e-type=\"widget\" data-widget_type=\"image.default\">\n\t\t\t\t<div class=\"elementor-widget-container\">\n\t\t\t\t\t\t\t\t\t\t\t\t\t\t\t<img fetchpriority=\"high\" decoding=\"async\" width=\"225\" height=\"300\" src=\"https:\/\/die-linkstraeger.de\/wp-content\/uploads\/2025\/07\/IMG-20231113-WA0006-225x300.jpg\" class=\"attachment-medium size-medium wp-image-1179\" alt=\"\" srcset=\"https:\/\/die-linkstraeger.de\/wp-content\/uploads\/2025\/07\/IMG-20231113-WA0006-225x300.jpg 225w, https:\/\/die-linkstraeger.de\/wp-content\/uploads\/2025\/07\/IMG-20231113-WA0006-768x1024.jpg 768w, https:\/\/die-linkstraeger.de\/wp-content\/uploads\/2025\/07\/IMG-20231113-WA0006-1152x1536.jpg 1152w, https:\/\/die-linkstraeger.de\/wp-content\/uploads\/2025\/07\/IMG-20231113-WA0006.jpg 1536w\" sizes=\"100vw\" \/>\t\t\t\t\t\t\t\t\t\t\t\t\t\t\t<\/div>\n\t\t\t\t<\/div>\n\t\t\t\t<div class=\"elementor-element elementor-element-077b170 elementor-widget elementor-widget-text-editor\" data-id=\"077b170\" data-element_type=\"widget\" data-e-type=\"widget\" data-widget_type=\"text-editor.default\">\n\t\t\t\t<div class=\"elementor-widget-container\">\n\t\t\t\t\t\t\t\t\t<h4 style=\"text-align: center;\"><span style=\"color: #ffff00; font-size: 1.625rem;\">&#8222;<a href=\"https:\/\/www.jugend-in-willich.de\/streetwork\/\">Streetwork Willich<\/a>&#8222;<\/span><\/h4>\t\t\t\t\t\t\t\t<\/div>\n\t\t\t\t<\/div>\n\t\t\t\t\t<\/div>\n\t\t<\/div>\n\t\t\t\t<div class=\"elementor-column elementor-col-33 elementor-top-column elementor-element elementor-element-1103e88\" data-id=\"1103e88\" data-element_type=\"column\" data-e-type=\"column\">\n\t\t\t<div class=\"elementor-widget-wrap elementor-element-populated\">\n\t\t\t\t\t\t<div class=\"elementor-element elementor-element-6a71b16 elementor-widget elementor-widget-text-editor\" data-id=\"6a71b16\" data-element_type=\"widget\" data-e-type=\"widget\" data-widget_type=\"text-editor.default\">\n\t\t\t\t<div class=\"elementor-widget-container\">\n\t\t\t\t\t\t\t\t\t<h4 style=\"text-align: center;\"><span style=\"color: #00ff00;\"><strong>Ein kleines Dankesch\u00f6n<\/strong><\/span><\/h4>\t\t\t\t\t\t\t\t<\/div>\n\t\t\t\t<\/div>\n\t\t\t\t<div class=\"elementor-element elementor-element-b124279 elementor-widget elementor-widget-image\" data-id=\"b124279\" data-element_type=\"widget\" data-e-type=\"widget\" data-widget_type=\"image.default\">\n\t\t\t\t<div class=\"elementor-widget-container\">\n\t\t\t\t\t\t\t\t\t\t\t\t\t\t\t<img decoding=\"async\" width=\"300\" height=\"225\" src=\"https:\/\/die-linkstraeger.de\/wp-content\/uploads\/2025\/07\/IMG-20230711-WA0013-300x225.jpg\" class=\"attachment-medium size-medium wp-image-1180\" alt=\"\" srcset=\"https:\/\/die-linkstraeger.de\/wp-content\/uploads\/2025\/07\/IMG-20230711-WA0013-300x225.jpg 300w, https:\/\/die-linkstraeger.de\/wp-content\/uploads\/2025\/07\/IMG-20230711-WA0013-1024x768.jpg 1024w, https:\/\/die-linkstraeger.de\/wp-content\/uploads\/2025\/07\/IMG-20230711-WA0013-768x576.jpg 768w, https:\/\/die-linkstraeger.de\/wp-content\/uploads\/2025\/07\/IMG-20230711-WA0013-1536x1152.jpg 1536w, https:\/\/die-linkstraeger.de\/wp-content\/uploads\/2025\/07\/IMG-20230711-WA0013.jpg 2016w\" sizes=\"100vw\" \/>\t\t\t\t\t\t\t\t\t\t\t\t\t\t\t<\/div>\n\t\t\t\t<\/div>\n\t\t\t\t<div class=\"elementor-element elementor-element-817bceb elementor-widget elementor-widget-text-editor\" data-id=\"817bceb\" data-element_type=\"widget\" data-e-type=\"widget\" data-widget_type=\"text-editor.default\">\n\t\t\t\t<div class=\"elementor-widget-container\">\n\t\t\t\t\t\t\t\t\t<h4 style=\"text-align: center;\"><span style=\"color: #ffff00; font-size: 1.625rem;\">&#8222;Die Vogeltr\u00e4ger&#8220;<\/span><\/h4>\t\t\t\t\t\t\t\t<\/div>\n\t\t\t\t<\/div>\n\t\t\t\t\t<\/div>\n\t\t<\/div>\n\t\t\t\t\t<\/div>\n\t\t<\/section>\n\t\t\t\t<\/div>\n\t\t","protected":false},"excerpt":{"rendered":"<p>Die Linkstraeger spenden f\u00fcr den guten Zweck Ein Mikro f\u00fcr Karaoke &#8222;Die H\u00fclse&#8222; Ein kleiner Zuschuss f\u00fcr eine Standheizung &#8222;Streetwork Willich&#8222; Ein kleines Dankesch\u00f6n &#8222;Die Vogeltr\u00e4ger&#8220;<\/p>\n","protected":false},"author":1,"featured_media":0,"parent":0,"menu_order":0,"comment_status":"closed","ping_status":"open","template":"","meta":{"footnotes":""},"class_list":["post-1183","page","type-page","status-publish","hentry"],"_links":{"self":[{"href":"https:\/\/die-linkstraeger.de\/index.php?rest_route=\/wp\/v2\/pages\/1183","targetHints":{"allow":["GET"]}}],"collection":[{"href":"https:\/\/die-linkstraeger.de\/index.php?rest_route=\/wp\/v2\/pages"}],"about":[{"href":"https:\/\/die-linkstraeger.de\/index.php?rest_route=\/wp\/v2\/types\/page"}],"author":[{"embeddable":true,"href":"https:\/\/die-linkstraeger.de\/index.php?rest_route=\/wp\/v2\/users\/1"}],"replies":[{"embeddable":true,"href":"https:\/\/die-linkstraeger.de\/index.php?rest_route=%2Fwp%2Fv2%2Fcomments&post=1183"}],"version-history":[{"count":7,"href":"https:\/\/die-linkstraeger.de\/index.php?rest_route=\/wp\/v2\/pages\/1183\/revisions"}],"predecessor-version":[{"id":1201,"href":"https:\/\/die-linkstraeger.de\/index.php?rest_route=\/wp\/v2\/pages\/1183\/revisions\/1201"}],"wp:attachment":[{"href":"https:\/\/die-linkstraeger.de\/index.php?rest_route=%2Fwp%2Fv2%2Fmedia&parent=1183"}],"curies":[{"name":"wp","href":"https:\/\/api.w.org\/{rel}","templated":true}]}}